{"id":13863,"date":"2021-09-30T16:47:44","date_gmt":"2021-09-30T14:47:44","guid":{"rendered":"https:\/\/alpix-cdc.fr\/?page_id=13863"},"modified":"2021-10-05T15:31:40","modified_gmt":"2021-10-05T13:31:40","slug":"contactez-nous-en","status":"publish","type":"page","link":"https:\/\/alpix-cdc.fr\/en\/contactez-nous-en\/","title":{"rendered":"Contactez Nous EN"},"content":{"rendered":"<div class=\"wpb-content-wrapper\"><p>[vc_row full_width=&#8221;stretch_row&#8221; css=&#8221;.vc_custom_1538489680789{padding-bottom: 60px !important;background: #292929 url(https:\/\/alpix-cdc.fr\/wp-content\/uploads\/2018\/10\/vertical-grid-5.png?id=12972) !important;background-position: 0 0 !important;background-repeat: repeat !important;}&#8221; el_class=&#8221;overflow-visible&#8221;][vc_column][vc_row_inner el_class=&#8221;overflow-visible&#8221; css=&#8221;.vc_custom_1536850646312{margin-top: -30px !important;}&#8221;][vc_column_inner width=&#8221;1\/3&#8243;]<div class=\"feature-box icon-top-centered box-hovered spacing-30 spacing-mob-30 dark\"><span class=\"lnr lnr-phone\"><\/span><div class=\"content-wrapper\"><h3 class=\"feature-title\">Phone. 04 50 78 34 23<\/h3><p class=\"feature-text\">Call us from Monday to Friday<\/p><\/div><\/div>[\/vc_column_inner][vc_column_inner width=&#8221;1\/3&#8243;]<div class=\"feature-box icon-top-centered box-hovered spacing-30 spacing-mob-30 dark\"><span class=\"lnr lnr-home\"><\/span><div class=\"content-wrapper\"><h3 class=\"feature-title\">ZAE des Egratz - 51 Impasse des Gures, 74190 Passy<\/h3><p class=\"feature-text\">Come to see us in our showroom<\/p><\/div><\/div>[\/vc_column_inner][vc_column_inner width=&#8221;1\/3&#8243;]<div class=\"feature-box icon-top-centered box-hovered spacing-30 spacing-mob-30 dark\"><span class=\"lnr lnr-envelope\"><\/span><div class=\"content-wrapper\"><h3 class=\"feature-title\">contact@alpix-cdc.fr<\/h3><p class=\"feature-text\">Drop us an email any time of the day !<\/p><\/div><\/div>[\/vc_column_inner][\/vc_row_inner][\/vc_column][\/vc_row][vc_row full_width=&#8221;stretch_row&#8221; css=&#8221;.vc_custom_1631892654601{padding-top: 80px !important;padding-bottom: 120px !important;background-position: 0 0 !important;background-repeat: repeat !important;}&#8221; el_class=&#8221;spaced&#8221;][vc_column width=&#8221;1\/2&#8243;][vc_row_inner el_class=&#8221;overlap-right&#8221;][vc_column_inner el_class=&#8221;shadow-box form-dark&#8221;]<span class=\"subtitle dash-false style-dark text-default\">Formulaire direct<\/span><div class=\"dash style-dark default\"><\/div>[vc_column_text]<\/p>\n<h2><strong><span style=\"color: #dd9f0b;\">Une id\u00e9e, un projet ?<\/span> Demandez-nous<\/strong><\/h2>\n<p>[\/vc_column_text]\n<div class=\"wpcf7 no-js\" id=\"wpcf7-f13965-o1\" lang=\"en-US\" dir=\"ltr\" data-wpcf7-id=\"13965\">\n<div class=\"screen-reader-response\"><p role=\"status\" aria-live=\"polite\" aria-atomic=\"true\"><\/p> <ul><\/ul><\/div>\n<form action=\"\/en\/wp-json\/wp\/v2\/pages\/13863#wpcf7-f13965-o1\" method=\"post\" class=\"wpcf7-form init\" aria-label=\"Contact form\" novalidate=\"novalidate\" data-status=\"init\">\n<fieldset class=\"hidden-fields-container\"><input type=\"hidden\" name=\"_wpcf7\" value=\"13965\" \/><input type=\"hidden\" name=\"_wpcf7_version\" value=\"6.1.5\" \/><input type=\"hidden\" name=\"_wpcf7_locale\" value=\"en_US\" \/><input type=\"hidden\" name=\"_wpcf7_unit_tag\" value=\"wpcf7-f13965-o1\" \/><input type=\"hidden\" name=\"_wpcf7_container_post\" value=\"0\" \/><input type=\"hidden\" name=\"_wpcf7_posted_data_hash\" value=\"\" \/><input type=\"hidden\" name=\"_wpcf7_recaptcha_response\" value=\"\" \/>\n<\/fieldset>\n<p><span class=\"wpcf7-form-control-wrap\" data-name=\"your-name\"><input size=\"40\" maxlength=\"400\" class=\"wpcf7-form-control wpcf7-text wpcf7-validates-as-required\" aria-required=\"true\" aria-invalid=\"false\" placeholder=\"Name\" value=\"\" type=\"text\" name=\"your-name\" \/><\/span>\n<\/p>\n<p><span class=\"wpcf7-form-control-wrap\" data-name=\"your-email\"><input size=\"40\" maxlength=\"400\" class=\"wpcf7-form-control wpcf7-email wpcf7-validates-as-required wpcf7-text wpcf7-validates-as-email\" aria-required=\"true\" aria-invalid=\"false\" placeholder=\"Email\" value=\"\" type=\"email\" name=\"your-email\" \/><\/span>\n<\/p>\n<p>[tel phone placeholder \"Phone]\n<\/p>\n<p><span class=\"wpcf7-form-control-wrap\" data-name=\"your-subject\"><input size=\"40\" maxlength=\"400\" class=\"wpcf7-form-control wpcf7-text wpcf7-validates-as-required\" aria-required=\"true\" aria-invalid=\"false\" placeholder=\"Subject\" value=\"\" type=\"text\" name=\"your-subject\" \/><\/span>\n<\/p>\n<p><span class=\"wpcf7-form-control-wrap\" data-name=\"your-message\"><textarea cols=\"5\" rows=\"1\" maxlength=\"2000\" class=\"wpcf7-form-control wpcf7-textarea wpcf7-validates-as-required\" aria-required=\"true\" aria-invalid=\"false\" placeholder=\"Hello, ...\" name=\"your-message\"><\/textarea><\/span>\n<\/p>\n<p><input class=\"wpcf7-form-control wpcf7-submit has-spinner\" type=\"submit\" value=\"Submit\" \/>\n<\/p><p style=\"display: none !important;\" class=\"akismet-fields-container\" data-prefix=\"_wpcf7_ak_\"><label>&#916;<textarea name=\"_wpcf7_ak_hp_textarea\" cols=\"45\" rows=\"8\" maxlength=\"100\"><\/textarea><\/label><input type=\"hidden\" id=\"ak_js_1\" name=\"_wpcf7_ak_js\" value=\"58\"\/><script>document.getElementById( \"ak_js_1\" ).setAttribute( \"value\", ( new Date() ).getTime() );<\/script><\/p><div class=\"wpcf7-response-output\" aria-hidden=\"true\"><\/div>\n<\/form>\n<\/div>\n[\/vc_column_inner][\/vc_row_inner][\/vc_column][vc_column width=&#8221;1\/2&#8243;][vc_gmaps link=&#8221;#E-8_JTNDaWZyYW1lJTIwc3JjJTNEJTIyaHR0cHMlM0ElMkYlMkZ3d3cuZ29vZ2xlLmNvbSUyRm1hcHMlMkZlbWJlZCUzRnBiJTNEJTIxMW0xOCUyMTFtMTIlMjExbTMlMjExZDYxNi4zOTk2OTIxMzA1MzAyJTIxMmQ2LjcyMjIwMTQ3MTU5MDQ1MSUyMTNkNDUuOTIwMzk3NTQ1ODU3NTklMjEybTMlMjExZjAlMjEyZjAlMjEzZjAlMjEzbTIlMjExaTEwMjQlMjEyaTc2OCUyMTRmMTMuMSUyMTNtMyUyMTFtMiUyMTFzMHg0Nzg5NTY5NDFhZmQ4MWQxJTI1M0EweGFiZDc0ZjM4MjI1MDA4OGMlMjEyczUxJTI1MjBJbXAuJTI1MjBkZXMlMjUyMEd1cmVzJTI1MkMlMjUyMDc0MTkwJTI1MjBQYXNzeSUyMTVlMCUyMTNtMiUyMTFzZnIlMjEyc2ZyJTIxNHYxNjMxODkxNDc5MTczJTIxNW0yJTIxMXNmciUyMTJzZnIlMjIlMjB3aWR0aCUzRCUyMjYwMCUyMiUyMGhlaWdodCUzRCUyMjQ1MCUyMiUyMHN0eWxlJTNEJTIyYm9yZGVyJTNBMCUzQiUyMiUyMGFsbG93ZnVsbHNjcmVlbiUzRCUyMiUyMiUyMGxvYWRpbmclM0QlMjJsYXp5JTIyJTNFJTNDJTJGaWZyYW1lJTNF&#8221;][\/vc_column][\/vc_row][vc_row disable_element=&#8221;yes&#8221; el_id=&#8221;recrutement&#8221;][vc_column width=&#8221;1\/3&#8243;][vc_single_image image=&#8221;13847&#8243;][\/vc_column][vc_column width=&#8221;1\/3&#8243;][vc_column_text]<\/p>\n<h2><strong><span style=\"color: #dd9f0b;\">RECRUTEMENT<br \/>\n<\/span><\/strong><\/h2>\n<p>[\/vc_column_text][vc_column_text]<\/p>\n<h3><strong>Chef du p\u00f4le couverture \/ Zinguerie\u00a0:<\/strong><\/h3>\n<p>Description du poste<\/p>\n<p><strong>&#8211; 1 responsable du p\u00f4le couvreur zingueur, \u00e0 40,5 h hebdomadaires en moyenne\u00a0:<\/strong><\/p>\n<p>Mini 5 ans d\u2019exp\u00e9rience et une premi\u00e8re exp\u00e9rience r\u00e9ussie dans la gestion d\u2019une \u00e9quipe<br \/>\nQualit\u00e9 : Esprit d\u2019\u00e9quipe, Polyvalent, travail en autonomie<br \/>\nEncadrement d&#8217;une \u00e9quipe de 4 \u00e0 5 personnes.<\/p>\n<p>Vous maitrisez les diff\u00e9rentes techniques de couverture et de zinguerie en montagne et plus sp\u00e9cifiquement la technique de joint debout[\/vc_column_text][\/vc_column][vc_column width=&#8221;1\/3&#8243;][vc_column_text]<strong>Type d&#8217;emploi :<\/strong> Temps plein, CDI , CDD 11 mois possible<br \/>\nSalaire \u00e0 d\u00e9finir en fonction de votre exp\u00e9rience<br \/>\n<strong>Statut :<\/strong> Cadre<br \/>\n<strong>Type d&#8217;emploi :<\/strong> Temps plein, CDI<br \/>\n<strong>Salaire\u00a0:<\/strong> \u00a0en fonction de votre exp\u00e9rience<\/p>\n<p>Avantages\u00a0:<\/p>\n<ul>\n<li>V\u00e9hicule de soci\u00e9t\u00e9<\/li>\n<li>Prise en charge du repas \u00e0 midi<\/li>\n<li>Week end de 3 jours une semaine sur 2<\/li>\n<\/ul>\n<p><strong>R\u00e9mun\u00e9ration suppl\u00e9mentaire\u00a0:<\/strong><\/p>\n<ul>\n<li>Mise en place d\u2019un syst\u00e8me de primes<\/li>\n<\/ul>\n<p>[\/vc_column_text][\/vc_column][\/vc_row]<\/p>\n<\/div>","protected":false},"excerpt":{"rendered":"<p>[vc_row full_width=&#8221;stretch_row&#8221; css=&#8221;.vc_custom_1538489680789{padding-bottom: 60px !important;background: #292929 url(https:\/\/alpix-cdc.fr\/wp-content\/uploads\/2018\/10\/vertical-grid-5.png?id=12972) !important;background-position: 0 0 !important;background-repeat: repeat !important;}&#8221; el_class=&#8221;overflow-visible&#8221;][vc_column][vc_row_inner el_class=&#8221;overflow-visible&#8221; css=&#8221;.vc_custom_1536850646312{margin-top: -30px !important;}&#8221;][vc_column_inner width=&#8221;1\/3&#8243;][\/vc_column_inner][vc_column_inner width=&#8221;1\/3&#8243;][\/vc_column_inner][vc_column_inner width=&#8221;1\/3&#8243;][\/vc_column_inner][\/vc_row_inner][\/vc_column][\/vc_row][vc_row full_width=&#8221;stretch_row&#8221; css=&#8221;.vc_custom_1631892654601{padding-top: 80px !important;padding-bottom: 120px !important;background-position: 0 0 !important;background-repeat: repeat !important;}&#8221; el_class=&#8221;spaced&#8221;][vc_column width=&#8221;1\/2&#8243;][vc_row_inner el_class=&#8221;overlap-right&#8221;][vc_column_inner el_class=&#8221;shadow-box form-dark&#8221;][vc_column_text] Une id\u00e9e, un projet ? Demandez-nous [\/vc_column_text][\/vc_column_inner][\/vc_row_inner][\/vc_column][vc_column width=&#8221;1\/2&#8243;][vc_gmaps link=&#8221;#E-8_JTNDaWZyYW1lJTIwc3JjJTNEJTIyaHR0cHMlM0ElMkYlMkZ3d3cuZ29vZ2xlLmNvbSUyRm1hcHMlMkZlbWJlZCUzRnBiJTNEJTIxMW0xOCUyMTFtMTIlMjExbTMlMjExZDYxNi4zOTk2OTIxMzA1MzAyJTIxMmQ2LjcyMjIwMTQ3MTU5MDQ1MSUyMTNkNDUuOTIwMzk3NTQ1ODU3NTklMjEybTMlMjExZjAlMjEyZjAlMjEzZjAlMjEzbTIlMjExaTEwMjQlMjEyaTc2OCUyMTRmMTMuMSUyMTNtMyUyMTFtMiUyMTFzMHg0Nzg5NTY5NDFhZmQ4MWQxJTI1M0EweGFiZDc0ZjM4MjI1MDA4OGMlMjEyczUxJTI1MjBJbXAuJTI1MjBkZXMlMjUyMEd1cmVzJTI1MkMlMjUyMDc0MTkwJTI1MjBQYXNzeSUyMTVlMCUyMTNtMiUyMTFzZnIlMjEyc2ZyJTIxNHYxNjMxODkxNDc5MTczJTIxNW0yJTIxMXNmciUyMTJzZnIlMjIlMjB3aWR0aCUzRCUyMjYwMCUyMiUyMGhlaWdodCUzRCUyMjQ1MCUyMiUyMHN0eWxlJTNEJTIyYm9yZGVyJTNBMCUzQiUyMiUyMGFsbG93ZnVsbHNjcmVlbiUzRCUyMiUyMiUyMGxvYWRpbmclM0QlMjJsYXp5JTIyJTNFJTNDJTJGaWZyYW1lJTNF&#8221;][\/vc_column][\/vc_row][vc_row disable_element=&#8221;yes&#8221; el_id=&#8221;recrutement&#8221;][vc_column width=&#8221;1\/3&#8243;][vc_single_image image=&#8221;13847&#8243;][\/vc_column][vc_column width=&#8221;1\/3&#8243;][vc_column_text] RECRUTEMENT [\/vc_column_text][vc_column_text] Chef du [&hellip;]<\/p>\n","protected":false},"author":1,"featured_media":0,"parent":0,"menu_order":0,"comment_status":"closed","ping_status":"closed","template":"","meta":{"_acf_changed":false,"footnotes":""},"class_list":["post-13863","page","type-page","status-publish","hentry"],"acf":[],"_links":{"self":[{"href":"https:\/\/alpix-cdc.fr\/en\/wp-json\/wp\/v2\/pages\/13863","targetHints":{"allow":["GET"]}}],"collection":[{"href":"https:\/\/alpix-cdc.fr\/en\/wp-json\/wp\/v2\/pages"}],"about":[{"href":"https:\/\/alpix-cdc.fr\/en\/wp-json\/wp\/v2\/types\/page"}],"author":[{"embeddable":true,"href":"https:\/\/alpix-cdc.fr\/en\/wp-json\/wp\/v2\/users\/1"}],"replies":[{"embeddable":true,"href":"https:\/\/alpix-cdc.fr\/en\/wp-json\/wp\/v2\/comments?post=13863"}],"version-history":[{"count":4,"href":"https:\/\/alpix-cdc.fr\/en\/wp-json\/wp\/v2\/pages\/13863\/revisions"}],"predecessor-version":[{"id":13981,"href":"https:\/\/alpix-cdc.fr\/en\/wp-json\/wp\/v2\/pages\/13863\/revisions\/13981"}],"wp:attachment":[{"href":"https:\/\/alpix-cdc.fr\/en\/wp-json\/wp\/v2\/media?parent=13863"}],"curies":[{"name":"wp","href":"https:\/\/api.w.org\/{rel}","templated":true}]}}